{"id":6,"date":"2019-05-15T16:30:46","date_gmt":"2019-05-15T16:30:46","guid":{"rendered":"https:\/\/www.perlekech.com\/?page_id=3"},"modified":"2022-06-09T08:03:10","modified_gmt":"2022-06-09T08:03:10","slug":"privacy-policy","status":"publish","type":"page","link":"https:\/\/www.perlekech.com\/pt\/privacy-policy\/","title":{"rendered":"Pol\u00edtica de privacidade"},"content":{"rendered":"<p>Bem vindo ao nosso website.<\/p>\n<p>As informa\u00e7\u00f5es contidas neste website s\u00e3o apenas para fins de informa\u00e7\u00e3o geral. As informa\u00e7\u00f5es s\u00e3o fornecidas por Perlekech, Riad &amp; Spa.<\/p>\n<p>Este website cont\u00e9m material que nos pertence ou nos \u00e9 licenciado. Este material inclui design, layout, apar\u00eancia e gr\u00e1ficos. A reprodu\u00e7\u00e3o \u00e9 proibida, exceto em conformidade com o aviso de direitos autorais.<\/p>\n<p>O uso n\u00e3o autorizado deste website pode dar origem a uma reclama\u00e7\u00e3o por danos e\/ou ser uma ofensa criminal.<\/p>\n<p>Este aviso de privacidade fornece detalhes de como reunimos e processamos os seus dados pessoais atrav\u00e9s do uso do nosso website.<\/p>\n<p>Se tiver alguma d\u00favida sobre este aviso de privacidade, entre em contato com a ger\u00eancia do Riad atrav\u00e9s dos seguintes dados:<\/p>\n<p>Perlekech Riad &amp; Spa<br \/>\nEndere\u00e7o de email:\u00a0 <strong>administration@perlekech.com<\/strong><\/p>\n<p><strong><u>Que informa\u00e7\u00e3o reunimos sobre si<\/u><\/strong><\/p>\n<ul>\n<li>Dados do cliente que incluem nome, cargo, morada, endere\u00e7o de e-mail, n\u00famero de telefone, informa\u00e7\u00f5es de contacto, detalhes da compra e detalhes do cart\u00e3o.<\/li>\n<li>Dados do utilizador que incluem dados sobre como usa o nosso site e quaisquer servi\u00e7os online para garantir a seguran\u00e7a do nosso site e manter backups de mesmo.<\/li>\n<li>Podemos processar os seus dados pessoais sem o seu conhecimento ou consentimento, quando exigido ou permitido por lei.<\/li>\n<li>Pedimos informa\u00e7\u00f5es do cliente de forma a entendermos as suas necessidades e oferecermos um servi\u00e7o melhor.<\/li>\n<li>Podemos usar as informa\u00e7\u00f5es para personalizar o site de acordo com seus interesses.<\/li>\n<li>Iremos armazenar os dados por si fornecidos, utilizador, durante o tempo necess\u00e1rio para a gest\u00e3o da reserva que fez, bem como dos servi\u00e7os de acomoda\u00e7\u00e3o solicitados.<\/li>\n<\/ul>\n<p><strong><u>Como atualizar a sua informa\u00e7\u00e3o pessoal<\/u><\/strong><\/p>\n<p>Pode ajudar o Perlekech Riad &amp; Spa a manter o rigor das suas informa\u00e7\u00f5es pessoais, alertando-nos quando alterar o seu nome, morada, n\u00famero de telefone ou endere\u00e7o de e-mail, ou se preferir parar de receber comunica\u00e7\u00f5es do Perlekech Riad &amp; Spa, n\u00e3o hesite em contactar-nos a qualquer momento atrav\u00e9s do email: <strong>administration@perlekech.com<\/strong><\/p>\n<h5><u>Reten\u00e7\u00e3o de dados<\/u><\/h5>\n<h5><span style=\"font-size: 16px;\">Para fins tribut\u00e1rios, a lei exige que mantenhamos informa\u00e7\u00f5es b\u00e1sicas sobre os nossos clientes (incluindo dados de contacto, identidade, dados financeiros e de transa\u00e7\u00e3o) durante dez anos a partir do momento em que deixarem de ser clientes.\u00a0<\/span><\/h5>\n<h5><u>Os seus direitos legais<\/u><\/h5>\n<h5>O Perlekech Riad &amp; Spa ir\u00e1 sempre proteger as informa\u00e7\u00f5es pessoais que partilhar connosco e armazenar\u00e1 informa\u00e7\u00f5es internamente num ambiente seguro controlado.<\/h5>\n<p>De acordo com as leis de prote\u00e7\u00e3o de dados, o cliente tem direitos em rela\u00e7\u00e3o aos seus dados pessoais que incluem o direito de solicitar acesso, corre\u00e7\u00e3o, exclus\u00e3o, restri\u00e7\u00e3o, transfer\u00eancia, contestar o processamento dos dados e retirar o consentimento.<\/p>\n<p>Se desejar exercer quaisquer dos direitos, por favor contacte o email <b><u>administration@perlekech.com<\/u><\/b><\/p>\n<p><b><\/b><u><\/u>Tentamos responder a todos os pedidos leg\u00edtimos dentro de um m\u00eas. Ocasionalmente, pode levar mais tempo se o seu pedido for particularmente complexo ou se tiver feito v\u00e1rios pedidos. Nesse caso, iremos notific\u00e1-lo.<\/p>\n<p>Se n\u00e3o estiver satisfeito com qualquer aspecto relacionado com a forma como reunimos e usamos os seus dados, agradecemos que entre em contato connosco, para que possamos tentar resolv\u00ea-lo.<\/p>\n<p>O Perlekech Riad &amp; Spa n\u00e3o oferece nem permite qualquer informa\u00e7\u00e3o fornecida pelo utilizador a terceiros.<\/p>\n<p><strong><u>Como utilizamos Cookies<\/u><\/strong><\/p>\n<p>Um cookie \u00e9 um pequeno arquivo que solicita autoriza\u00e7\u00e3o para ser reunido no disco r\u00edgido do seu computador. Quando voc\u00ea concorda, o arquivo \u00e9 adicionado e o cookie ajuda a analisar o tr\u00e1fego da Web ou avisa quando voc\u00ea visita um site espec\u00edfico. O aplicativo da Web pode adaptar as suas opera\u00e7\u00f5es \u00e0s suas necessidades, gostos e desgostos, reunindo e lembrando informa\u00e7\u00f5es sobre as suas prefer\u00eancias.<\/p>\n<p>Usamos o Google Analytics, um servi\u00e7o reconhecido de an\u00e1lise da web fornecido pelo Google, Inc. Este software de an\u00e1lise usa cookies para nos ajudar a analisar a forma como as pessoas usam o site. Ele conta o n\u00famero de visitantes e tudo sobre o seu comportamento geral.<\/p>\n<p>Um cookie n\u00e3o nos d\u00e1 acesso ao seu computador ou a qualquer informa\u00e7\u00e3o sobre si, exceto os dados que escolher partilhar connosco. Pode optar por aceitar ou recusar cookies.<\/p>\n<p>De forma clara e transparente, o Perlekech Riad &amp; Spa n\u00e3o utiliza cookies para identificar os seus utilizadores.<\/p>","protected":false},"excerpt":{"rendered":"Bem vindo ao nosso website. As informa\u00e7\u00f5es contidas neste website s\u00e3o apenas para fins de informa\u00e7\u00e3o geral. As informa\u00e7\u00f5es s\u00e3o fornecidas por Perlekech, Riad &amp; Spa. Este website cont\u00e9m material que nos pertence ou nos \u00e9 licenciado. Este material inclui design, layout, apar\u00eancia e gr\u00e1ficos. A reprodu\u00e7\u00e3o \u00e9 proibida, exceto em conformidade com o aviso (&#8230;)","protected":false},"author":2,"featured_media":20,"parent":0,"menu_order":5,"comment_status":"closed","ping_status":"open","template":"","meta":[],"_links":{"self":[{"href":"https:\/\/www.perlekech.com\/pt\/wp-json\/wp\/v2\/pages\/6"}],"collection":[{"href":"https:\/\/www.perlekech.com\/pt\/wp-json\/wp\/v2\/pages"}],"about":[{"href":"https:\/\/www.perlekech.com\/pt\/wp-json\/wp\/v2\/types\/page"}],"author":[{"embeddable":true,"href":"https:\/\/www.perlekech.com\/pt\/wp-json\/wp\/v2\/users\/2"}],"replies":[{"embeddable":true,"href":"https:\/\/www.perlekech.com\/pt\/wp-json\/wp\/v2\/comments?post=6"}],"version-history":[{"count":24,"href":"https:\/\/www.perlekech.com\/pt\/wp-json\/wp\/v2\/pages\/6\/revisions"}],"predecessor-version":[{"id":847,"href":"https:\/\/www.perlekech.com\/pt\/wp-json\/wp\/v2\/pages\/6\/revisions\/847"}],"wp:featuredmedia":[{"embeddable":true,"href":"https:\/\/www.perlekech.com\/pt\/wp-json\/wp\/v2\/media\/20"}],"wp:attachment":[{"href":"https:\/\/www.perlekech.com\/pt\/wp-json\/wp\/v2\/media?parent=6"}],"curies":[{"name":"wp","href":"https:\/\/api.w.org\/{rel}","templated":true}]}}